{"id":72,"date":"2026-04-29T13:44:37","date_gmt":"2026-04-29T16:44:37","guid":{"rendered":"https:\/\/tvtplay.com.br\/?page_id=72"},"modified":"2026-04-29T15:13:49","modified_gmt":"2026-04-29T18:13:49","slug":"home","status":"publish","type":"page","link":"https:\/\/tvtplay.com.br\/","title":{"rendered":"TVT.PLAY"},"content":{"rendered":"\n<p class=\"has-black-color has-text-color has-link-color has-x-large-font-size wp-elements-04f9b406cf500f08fed3d989b61ace41\">Entretenimento completo,<strong>\u00a0sem complica\u00e7\u00e3o.<\/strong><\/p>\n\n\n\n<p class=\"has-black-color has-text-color has-link-color has-medium-font-size wp-elements-3d20896e9a3a084845f8d18d1a9375c5\">Assista seus conte\u00fados favoritos com praticidade, suporte \u00e1gil e experi\u00eancia fluida em Smart TV, celular, TV Box e computador.<\/p>\n\n\n\n<div class=\"wp-block-columns is-layout-flex wp-container-core-columns-is-layout-28f84493 wp-block-columns-is-layout-flex\">\n<div class=\"wp-block-column is-layout-flow wp-block-column-is-layout-flow\" style=\"flex-basis:100%\"><div class=\"guten-element guten-buttons horizontal\"><\/div><\/div>\n<\/div>\n\n\n","protected":false},"excerpt":{"rendered":"<p>Entretenimento completo,\u00a0sem complica\u00e7\u00e3o. Assista seus conte\u00fados favoritos com praticidade, suporte \u00e1gil e experi\u00eancia fluida em Smart TV, celular, TV Box e computador.<\/p>\n","protected":false},"author":1,"featured_media":61,"parent":0,"menu_order":0,"comment_status":"closed","ping_status":"closed","template":"","meta":{"om_disable_all_campaigns":false,"_monsterinsights_skip_tracking":false,"_monsterinsights_sitenote_active":false,"_monsterinsights_sitenote_note":"","_monsterinsights_sitenote_category":0,"footnotes":""},"class_list":["post-72","page","type-page","status-publish","has-post-thumbnail","hentry"],"aioseo_notices":[],"_hostinger_reach_plugin_has_subscription_block":false,"_hostinger_reach_plugin_is_elementor":false,"_links":{"self":[{"href":"https:\/\/tvtplay.com.br\/index.php?rest_route=\/wp\/v2\/pages\/72","targetHints":{"allow":["GET"]}}],"collection":[{"href":"https:\/\/tvtplay.com.br\/index.php?rest_route=\/wp\/v2\/pages"}],"about":[{"href":"https:\/\/tvtplay.com.br\/index.php?rest_route=\/wp\/v2\/types\/page"}],"author":[{"embeddable":true,"href":"https:\/\/tvtplay.com.br\/index.php?rest_route=\/wp\/v2\/users\/1"}],"replies":[{"embeddable":true,"href":"https:\/\/tvtplay.com.br\/index.php?rest_route=%2Fwp%2Fv2%2Fcomments&post=72"}],"version-history":[{"count":10,"href":"https:\/\/tvtplay.com.br\/index.php?rest_route=\/wp\/v2\/pages\/72\/revisions"}],"predecessor-version":[{"id":95,"href":"https:\/\/tvtplay.com.br\/index.php?rest_route=\/wp\/v2\/pages\/72\/revisions\/95"}],"wp:featuredmedia":[{"embeddable":true,"href":"https:\/\/tvtplay.com.br\/index.php?rest_route=\/wp\/v2\/media\/61"}],"wp:attachment":[{"href":"https:\/\/tvtplay.com.br\/index.php?rest_route=%2Fwp%2Fv2%2Fmedia&parent=72"}],"curies":[{"name":"wp","href":"https:\/\/api.w.org\/{rel}","templated":true}]}}